{"id":560,"date":"2021-03-31T18:41:24","date_gmt":"2021-03-31T18:41:24","guid":{"rendered":"https:\/\/miao-berlin.com\/?page_id=560"},"modified":"2021-04-16T11:58:22","modified_gmt":"2021-04-16T11:58:22","slug":"richard-dragulejev-2","status":"publish","type":"page","link":"https:\/\/miao-berlin.com\/index.php\/richard-dragulejev-2\/","title":{"rendered":"Richard Dragulejev"},"content":{"rendered":"\n<p id=\"block-b4184874-8a8a-4fcf-be11-e241ad54959f\"><br>Richard Dragulejev was born on 28.5.2000 in Hungary. His family moved to St. Petersburg shortly after his birth. He spent the first years of his life in Russia. Here he collected his first childhood memories, which are of great importance for his creative work on a surreal level and find expression in his art today.<\/p>\n\n\n\n<p id=\"block-62e9f075-a1f8-4ba0-a52e-71ad2fb0eb2a\">It was through his aunt Illar Erzsebet &#8211; herself an artist in the field of sculpture &#8211; that Richard Dragulejev first came into contact with art. He spent countless hours in her studio (Illarium) in Budapest, fascinated by how she created figures out of a shapeless lump of clay, which seemed to him as if they would jump up and run through the studio at any moment. The more time he spent in the studio with the sculptures, the more the world of figurative art captivated him. His aunt was not only a source of inspiration for him but also encouraged him in his creative work with her strict opinions and criticism. His Russian grandfather &#8211; who taught human biology and anatomy &#8211; also had a strong influence on his artistic development.<\/p>\n\n\n\n<figure class=\"wp-block-image is-resized\" id=\"block-b344a327-6ce0-4d99-b899-881be0e4d5fc\"><img loading=\"lazy\" src=\"https:\/\/miao-berlin.com\/wp-content\/uploads\/2021\/03\/Screenshot-2021-03-31-at-19.00.07.png\" alt=\"Dieses Bild hat ein leeres Alt-Attribut. Der Dateiname ist Screenshot-2021-03-31-at-19.00.07.png\" width=\"618\" height=\"536\"\/><\/figure>\n\n\n\n<p id=\"block-4e6741c8-3062-4f2a-a9d7-f3c3543b4506\">In 2011, his family moved to Berlin and Dragulejev decided to study art after high school. He first applied to various art academies in Germany. However, as he preferred a more classical art education, he travelled to St Petersburg in 2018 and began his studies at the Russian Academy of Arts. During his studies, he passionately studied human anatomy, live drawing, and old master craftsmanship.&nbsp;Among the artists who have always influenced him are Rembrandt, Goya and Ernst Fuchs.&nbsp;<\/p>\n\n\n\n<figure class=\"wp-container-2 wp-block-gallery-1 wp-block-gallery columns-3 is-cropped\"><ul class=\"blocks-gallery-grid\"><li class=\"blocks-gallery-item\"><figure><img loading=\"lazy\" width=\"762\" height=\"1024\" src=\"https:\/\/miao-berlin.com\/wp-content\/uploads\/2021\/03\/shinto2021RD11-762x1024.jpg\" alt=\"\" data-id=\"544\" data-full-url=\"https:\/\/miao-berlin.com\/wp-content\/uploads\/2021\/03\/shinto2021RD11-scaled.jpg\" data-link=\"https:\/\/miao-berlin.com\/index.php\/ongoing-exhibition\/shinto2021rd11\/\" class=\"wp-image-544\" srcset=\"https:\/\/miao-berlin.com\/wp-content\/uploads\/2021\/03\/shinto2021RD11-762x1024.jpg 762w, https:\/\/miao-berlin.com\/wp-content\/uploads\/2021\/03\/shinto2021RD11-223x300.jpg 223w, https:\/\/miao-berlin.com\/wp-content\/uploads\/2021\/03\/shinto2021RD11-768x1032.jpg 768w, https:\/\/miao-berlin.com\/wp-content\/uploads\/2021\/03\/shinto2021RD11-1143x1536.jpg 1143w, https:\/\/miao-berlin.com\/wp-content\/uploads\/2021\/03\/shinto2021RD11-1524x2048.jpg 1524w, https:\/\/miao-berlin.com\/wp-content\/uploads\/2021\/03\/shinto2021RD11-973x1308.jpg 973w, https:\/\/miao-berlin.com\/wp-content\/uploads\/2021\/03\/shinto2021RD11-508x683.jpg 508w, https:\/\/miao-berlin.com\/wp-content\/uploads\/2021\/03\/shinto2021RD11-scaled.jpg 1905w\" sizes=\"(max-width: 762px) 100vw, 762px\" \/><\/figure><\/li><li class=\"blocks-gallery-item\"><figure><img loading=\"lazy\" width=\"661\" height=\"1024\" src=\"https:\/\/miao-berlin.com\/wp-content\/uploads\/2021\/03\/aufdemstuhl2021RD1-661x1024.jpg\" alt=\"\" data-id=\"543\" data-full-url=\"https:\/\/miao-berlin.com\/wp-content\/uploads\/2021\/03\/aufdemstuhl2021RD1-scaled.jpg\" data-link=\"https:\/\/miao-berlin.com\/index.php\/ongoing-exhibition\/aufdemstuhl2021rd1\/\" class=\"wp-image-543\" srcset=\"https:\/\/miao-berlin.com\/wp-content\/uploads\/2021\/03\/aufdemstuhl2021RD1-661x1024.jpg 661w, https:\/\/miao-berlin.com\/wp-content\/uploads\/2021\/03\/aufdemstuhl2021RD1-194x300.jpg 194w, https:\/\/miao-berlin.com\/wp-content\/uploads\/2021\/03\/aufdemstuhl2021RD1-768x1190.jpg 768w, https:\/\/miao-berlin.com\/wp-content\/uploads\/2021\/03\/aufdemstuhl2021RD1-992x1536.jpg 992w, https:\/\/miao-berlin.com\/wp-content\/uploads\/2021\/03\/aufdemstuhl2021RD1-1322x2048.jpg 1322w, https:\/\/miao-berlin.com\/wp-content\/uploads\/2021\/03\/aufdemstuhl2021RD1-973x1507.jpg 973w, https:\/\/miao-berlin.com\/wp-content\/uploads\/2021\/03\/aufdemstuhl2021RD1-508x787.jpg 508w, https:\/\/miao-berlin.com\/wp-content\/uploads\/2021\/03\/aufdemstuhl2021RD1-scaled.jpg 1653w\" sizes=\"(max-width: 661px) 100vw, 661px\" \/><\/figure><\/li><li class=\"blocks-gallery-item\"><figure><img loading=\"lazy\" width=\"817\" height=\"1024\" src=\"https:\/\/miao-berlin.com\/wp-content\/uploads\/2021\/03\/hinterdir2021RD10-817x1024.jpg\" alt=\"\" data-id=\"545\" data-full-url=\"https:\/\/miao-berlin.com\/wp-content\/uploads\/2021\/03\/hinterdir2021RD10.jpg\" data-link=\"https:\/\/miao-berlin.com\/index.php\/ongoing-exhibition\/hinterdir2021rd10\/\" class=\"wp-image-545\" srcset=\"https:\/\/miao-berlin.com\/wp-content\/uploads\/2021\/03\/hinterdir2021RD10-817x1024.jpg 817w, https:\/\/miao-berlin.com\/wp-content\/uploads\/2021\/03\/hinterdir2021RD10-239x300.jpg 239w, https:\/\/miao-berlin.com\/wp-content\/uploads\/2021\/03\/hinterdir2021RD10-768x962.jpg 768w, https:\/\/miao-berlin.com\/wp-content\/uploads\/2021\/03\/hinterdir2021RD10-1226x1536.jpg 1226w, https:\/\/miao-berlin.com\/wp-content\/uploads\/2021\/03\/hinterdir2021RD10-1634x2048.jpg 1634w, https:\/\/miao-berlin.com\/wp-content\/uploads\/2021\/03\/hinterdir2021RD10-973x1219.jpg 973w, https:\/\/miao-berlin.com\/wp-content\/uploads\/2021\/03\/hinterdir2021RD10-508x637.jpg 508w, https:\/\/miao-berlin.com\/wp-content\/uploads\/2021\/03\/hinterdir2021RD10.jpg 1976w\" sizes=\"(max-width: 817px) 100vw, 817px\" \/><\/figure><\/li><li class=\"blocks-gallery-item\"><figure><img loading=\"lazy\" width=\"1024\" height=\"1021\" src=\"https:\/\/miao-berlin.com\/wp-content\/uploads\/2021\/03\/goldenerkittel2021RD3-1024x1021.jpg\" alt=\"\" data-id=\"550\" data-full-url=\"https:\/\/miao-berlin.com\/wp-content\/uploads\/2021\/03\/goldenerkittel2021RD3-scaled.jpg\" data-link=\"https:\/\/miao-berlin.com\/index.php\/ongoing-exhibition\/goldenerkittel2021rd3\/\" class=\"wp-image-550\" srcset=\"https:\/\/miao-berlin.com\/wp-content\/uploads\/2021\/03\/goldenerkittel2021RD3-1024x1021.jpg 1024w, https:\/\/miao-berlin.com\/wp-content\/uploads\/2021\/03\/goldenerkittel2021RD3-300x300.jpg 300w, https:\/\/miao-berlin.com\/wp-content\/uploads\/2021\/03\/goldenerkittel2021RD3-150x150.jpg 150w, https:\/\/miao-berlin.com\/wp-content\/uploads\/2021\/03\/goldenerkittel2021RD3-768x766.jpg 768w, https:\/\/miao-berlin.com\/wp-content\/uploads\/2021\/03\/goldenerkittel2021RD3-1536x1531.jpg 1536w, https:\/\/miao-berlin.com\/wp-content\/uploads\/2021\/03\/goldenerkittel2021RD3-2048x2042.jpg 2048w, https:\/\/miao-berlin.com\/wp-content\/uploads\/2021\/03\/goldenerkittel2021RD3-88x88.jpg 88w, https:\/\/miao-berlin.com\/wp-content\/uploads\/2021\/03\/goldenerkittel2021RD3-973x970.jpg 973w, https:\/\/miao-berlin.com\/wp-content\/uploads\/2021\/03\/goldenerkittel2021RD3-508x506.jpg 508w\" sizes=\"(max-width: 1024px) 100vw, 1024px\" \/><\/figure><\/li><\/ul><\/figure>\n\n\n\n<p id=\"block-938b8ad8-e921-45e5-a34e-2667351d9cd3\">Richard Dragulejev has been drawing and painting his thoughts and inner worlds with a strong figurative influence for as long as he can remember. In doing so, he does not follow any trendy epochs or art movements. He prefers to paint the faces that develop within him and tries to make them intensely tangible to the viewer. He gets his inspiration from various sources &#8211; above all, however, from people and experiences which he associates with his version. Thus, motifs are sometimes created years earlier or originate from his childhood.&nbsp;&nbsp;Dragulejev does not like to give his works titles or additional information, as he wants to influence the viewer as little as possible.<\/p>\n\n\n\n<figure class=\"wp-block-image\" id=\"block-069ac5c4-9bbb-4bc8-ad81-b214e60c6245\"><img src=\"https:\/\/miao-berlin.com\/wp-content\/uploads\/2021\/03\/hirsche2021RD4-1024x744.jpg\" alt=\"Dieses Bild hat ein leeres Alt-Attribut. Der Dateiname ist hirsche2021RD4-1024x744.jpg\"\/><\/figure>\n\n\n\n<p>Artist statement: &#8222;I can say little about my art, because what I want to tell cannot be put into words. You as a viewer are not a viewer, rather a part of my work without which it does not resonate.&#8220;<\/p>\n\n\n\n<p id=\"block-2024ee37-1e82-42e2-8646-4910ec7a8549\">Dragulejev was showing his exhibition <strong>Hidden Chambers<\/strong> with a a fine selection of recent works from the 28.03. until the 10.04.2021 in Miao.<\/p>\n\n\n\n<p class=\"has-text-align-center\" id=\"block-af288eaf-6118-499e-8151-032cb0b8e5fb\"><a href=\"https:\/\/miao-berlin.com\/wp-content\/uploads\/2021\/04\/Richard-Dragulejev@MIAO.pdf\" target=\"_blank\" rel=\"noreferrer noopener\">Richard Dragulejev @MIAO Catalog<\/a><\/p>\n\n\n\n<p id=\"block-c6601fb5-6315-412c-8366-77a8dac5ce95\"><strong>Shown Artworks:<\/strong><\/p>\n\n\n\n<ul id=\"block-19a42956-30ee-4014-810c-585a204de744\"><li><a href=\"https:\/\/miao-berlin.com\/index.php\/hidden-chambers-rd-1\/\" target=\"_blank\" rel=\"noreferrer noopener\">RD 1<\/a><\/li><li><a href=\"https:\/\/miao-berlin.com\/index.php\/hidden-chambers-rd-3\/\" target=\"_blank\" rel=\"noreferrer noopener\">RD 2<\/a><\/li><li><a href=\"https:\/\/miao-berlin.com\/index.php\/hidden-chambers-rd-3-2\/\" target=\"_blank\" rel=\"noreferrer noopener\">RD 3<\/a><\/li><li><a href=\"https:\/\/miao-berlin.com\/index.php\/hidden-chambers-rd-4\/\" target=\"_blank\" rel=\"noreferrer noopener\">RD 4<\/a><\/li><li><a href=\"https:\/\/miao-berlin.com\/index.php\/hidden-chambers-rd-5\/\" target=\"_blank\" rel=\"noreferrer noopener\">RD 5<\/a><\/li><li><a href=\"https:\/\/miao-berlin.com\/index.php\/hidden-chambers-rd-6\/\" target=\"_blank\" rel=\"noreferrer noopener\">RD 6<\/a><\/li><li><a href=\"https:\/\/miao-berlin.com\/index.php\/hidden-chambers-rd-7\/\" target=\"_blank\" rel=\"noreferrer noopener\">RD 7<\/a><\/li><li><a href=\"https:\/\/miao-berlin.com\/index.php\/hidden-chambers-rd-8\/\" target=\"_blank\" rel=\"noreferrer noopener\">RD 8<\/a><\/li><li><a href=\"https:\/\/miao-berlin.com\/index.php\/hidden-chambers-rd-9\/\" target=\"_blank\" rel=\"noreferrer noopener\">RD 9<\/a><\/li><li><a href=\"https:\/\/miao-berlin.com\/index.php\/hidden-chambers-rd-10\/\" target=\"_blank\" rel=\"noreferrer noopener\">RD 10<\/a><\/li><li><a href=\"https:\/\/miao-berlin.com\/index.php\/hidden-chambers-rd-11\/\" target=\"_blank\" rel=\"noreferrer noopener\">RD 11<\/a><\/li><\/ul>\n\n\n\n<p id=\"block-05c0d5db-ce6b-47f6-a875-73f128616104\">Visit the exhibition online:<\/p>\n\n\n\n<iframe loading=\"lazy\" width=\"853\" height=\"480\" src=\"https:\/\/my.matterport.com\/show\/?m=2F7PLcsnvxo&amp;brand=0\" frameborder=\"0\" allowfullscreen=\"\" allow=\"xr-spatial-tracking\"><\/iframe>\n\n\n\n<p><\/p>\n\n\n\n<p id=\"block-3027399f-8786-4766-aa84-e91b5d70c788\">Richard Dragulejev wurde am 28.5.2000 in Ungarn geboren. Seine Familie siedelte kurz nach seiner Geburt nach St. Petersburg um. Er verbrachte seine ersten Lebensjahre zun\u00e4chst in Russland. Hier sammelte er seine erste Kindheitserinnerungen, welche f\u00fcr sein kreatives Schaffen in einer surreal Ebene von&nbsp;gro\u00dfe Bedeutung sind und in seiner heutigen Kunst Ausdruck finden.&nbsp;<\/p>\n\n\n\n<p id=\"block-93b7f461-16d0-4a6f-8157-65ebb493aa62\"><br>Durch seine Tante&nbsp;Illar Erzsebet &#8211; selbst&nbsp;K\u00fcnstlerin im plastische Bereich &#8211; kam Richard&nbsp;Dragulejev zum ersten Mal in&nbsp;Ber\u00fchrungen mit Kunst. Er verbrachte unz\u00e4hlige&nbsp;Stunden in Ihrem Atelier&nbsp;(Illarium) in Budapest, fasziniert wie sie aus einem formlosen Klumpen Lehm Figuren erweckte, die ihm erschienen, als w\u00fcrden sie jeden Augenblick aufspringen und durchs Atelier laufen. Je mehr Zeit er im Atelier mit den Skulpturen verbrachte, desto mehr zog ihn die Welt der figurativen Kunst in seinen Bann. Seine Tante war nicht nur eine Inspirationsquelle&nbsp;f\u00fcr ihn sondern f\u00f6rderte ihn ebenso in seinem kreativen Schaffen mit ihrer strengen Meinung und Kritik. Auch sein russischer Gro\u00dfvater &#8211; welcher Humanbiologie sowie Anatomie lehrte &#8211; beeinflusste seine k\u00fcnstlerische&nbsp;Entwicklung intensiv.&nbsp;<\/p>\n\n\n\n<p id=\"block-d2d41596-44e2-4a52-8801-60cb6a575b0d\"><br>Im Jahre 2011 zog seine Familie nach Berlin und&nbsp;Dragulejev entschied sich nach der Oberschule daf\u00fcr, Kunst zu studieren. Er bewarb&nbsp;sich zun\u00e4chst&nbsp;in diversen Kunstakademien in Deutschland. Da er jedoch ein eher klassische Kunstausbildung bevorzugte, reiste er im Jahre 2018 nach St Petersburg und begann sein Studium an der Russian Academy of Arts. W\u00e4hrend&nbsp;seinem Studium studierte er mit Passion die Anatomie des Menschen, Live-Zeichnung, und altmeisterliches Handwerk.&nbsp;Zu den K\u00fcnstlern die ihn seit jeher beeinflussen geh\u00f6ren&nbsp;vor allem&nbsp;Rembrandt, Goya und Ernst Fuchs.<\/p>\n\n\n\n<p id=\"block-c5f35837-0ed2-4d47-8e80-5263137cebb9\"><br>Richard Dragulejev zeichnet und malt seitdem er denken kann seine Gedanken und seine innere Welten mit einem stark figurativen Einfluss. Dabei folgt er keiner Trend-Epochen oder Kunstrichtungen. Er malt bevorzugt die Gesichter, welche sich in ihm entwickeln und versucht sie den Betrachtern intensive greifbar zu machen. Seine Inspiration erh\u00e4lt&nbsp;er aus verschiedenen Quellen &#8211; vor allem jedoch durch Mensche und Erfahrungen, welche er mit seiner Version in Verbindung bringt. So entstehen Motive manchmal&nbsp;Jahre zuvor oder entstammen noch aus seiner Kindheit.&nbsp;&nbsp;Dragulejev gibt seinen Werken ungerne Titel oder erg\u00e4nzende Informationen, da er die Betrachter so wenig wie m\u00f6glich&nbsp;beeinflussen&nbsp;m\u00f6chte.<\/p>\n\n\n\n<p><br>Artist Statement: &#8222;Zu meiner Kunst kann ich wenig sagen, denn was ich\u00a0erz\u00e4hlen m\u00f6chte, ist nicht in W\u00f6rter fassbar. Du als Betrachter bist kein Betrachter, eher ein Teil meiner Arbeit ohne den es nicht zum Resonanz kommt.&#8220;<\/p>\n\n\n\n<p><\/p>\n\n\n\n<p>Dragulejev zeigte seine Ausstellung Hidden Chambers mit einer feinen Auswahl aktueller Werke vom 28.03. bis zum 10.04.2021 in Miao.<\/p>\n\n\n\n<p><a rel=\"noreferrer noopener\" href=\"https:\/\/miao-berlin.com\/wp-content\/uploads\/2021\/04\/Richard-Dragulejev@MIAO.pdf\" target=\"_blank\">Richard Dragulejev @MIAO Catalog<\/a><\/p>\n\n\n\n<p id=\"block-c6601fb5-6315-412c-8366-77a8dac5ce95\"><strong>Gezeigte Kunstwerke: <\/strong><\/p>\n\n\n\n<ul id=\"block-19a42956-30ee-4014-810c-585a204de744\"><li><a rel=\"noreferrer noopener\" href=\"https:\/\/miao-berlin.com\/index.php\/hidden-chambers-rd-1\/\" target=\"_blank\">RD 1<\/a><\/li><li><a rel=\"noreferrer noopener\" href=\"https:\/\/miao-berlin.com\/index.php\/hidden-chambers-rd-3\/\" target=\"_blank\">RD 2<\/a><\/li><li><a rel=\"noreferrer noopener\" href=\"https:\/\/miao-berlin.com\/index.php\/hidden-chambers-rd-3-2\/\" target=\"_blank\">RD 3<\/a><\/li><li><a rel=\"noreferrer noopener\" href=\"https:\/\/miao-berlin.com\/index.php\/hidden-chambers-rd-4\/\" target=\"_blank\">RD 4<\/a><\/li><li><a rel=\"noreferrer noopener\" href=\"https:\/\/miao-berlin.com\/index.php\/hidden-chambers-rd-5\/\" target=\"_blank\">RD 5<\/a><\/li><li><a rel=\"noreferrer noopener\" href=\"https:\/\/miao-berlin.com\/index.php\/hidden-chambers-rd-6\/\" target=\"_blank\">RD 6<\/a><\/li><li><a rel=\"noreferrer noopener\" href=\"https:\/\/miao-berlin.com\/index.php\/hidden-chambers-rd-7\/\" target=\"_blank\">RD 7<\/a><\/li><li><a rel=\"noreferrer noopener\" href=\"https:\/\/miao-berlin.com\/index.php\/hidden-chambers-rd-8\/\" target=\"_blank\">RD 8<\/a><\/li><li><a rel=\"noreferrer noopener\" href=\"https:\/\/miao-berlin.com\/index.php\/hidden-chambers-rd-9\/\" target=\"_blank\">RD 9<\/a><\/li><li><a rel=\"noreferrer noopener\" href=\"https:\/\/miao-berlin.com\/index.php\/hidden-chambers-rd-10\/\" target=\"_blank\">RD 10<\/a><\/li><li><a rel=\"noreferrer noopener\" href=\"https:\/\/miao-berlin.com\/index.php\/hidden-chambers-rd-11\/\" target=\"_blank\">RD 11<\/a><\/li><\/ul>\n\n\n\n<p>Zur Online-Ausstellung<\/p>\n\n\n\n<iframe loading=\"lazy\" width=\"853\" height=\"480\" src=\"https:\/\/my.matterport.com\/show\/?m=2F7PLcsnvxo&amp;brand=0\" frameborder=\"0\" allowfullscreen=\"\" allow=\"xr-spatial-tracking\"><\/iframe>\n","protected":false},"excerpt":{"rendered":"<p>Richard Dragulejev was born on 28.5.2000 in Hungary. His family moved to St. Petersburg shortly after his birth. He spent the first years of his life in Russia&#8230;.<\/p>\n","protected":false},"author":1,"featured_media":557,"parent":0,"menu_order":0,"comment_status":"closed","ping_status":"closed","template":"","meta":[],"_links":{"self":[{"href":"https:\/\/miao-berlin.com\/index.php\/wp-json\/wp\/v2\/pages\/560"}],"collection":[{"href":"https:\/\/miao-berlin.com\/index.php\/wp-json\/wp\/v2\/pages"}],"about":[{"href":"https:\/\/miao-berlin.com\/index.php\/wp-json\/wp\/v2\/types\/page"}],"author":[{"embeddable":true,"href":"https:\/\/miao-berlin.com\/index.php\/wp-json\/wp\/v2\/users\/1"}],"replies":[{"embeddable":true,"href":"https:\/\/miao-berlin.com\/index.php\/wp-json\/wp\/v2\/comments?post=560"}],"version-history":[{"count":3,"href":"https:\/\/miao-berlin.com\/index.php\/wp-json\/wp\/v2\/pages\/560\/revisions"}],"predecessor-version":[{"id":736,"href":"https:\/\/miao-berlin.com\/index.php\/wp-json\/wp\/v2\/pages\/560\/revisions\/736"}],"wp:featuredmedia":[{"embeddable":true,"href":"https:\/\/miao-berlin.com\/index.php\/wp-json\/wp\/v2\/media\/557"}],"wp:attachment":[{"href":"https:\/\/miao-berlin.com\/index.php\/wp-json\/wp\/v2\/media?parent=560"}],"curies":[{"name":"wp","href":"https:\/\/api.w.org\/{rel}","templated":true}]}}