{"id":622,"date":"2021-04-14T09:18:20","date_gmt":"2021-04-14T09:18:20","guid":{"rendered":"https:\/\/miao-berlin.com\/?page_id=622"},"modified":"2021-04-25T14:08:40","modified_gmt":"2021-04-25T14:08:40","slug":"skull-love","status":"publish","type":"page","link":"https:\/\/miao-berlin.com\/index.php\/skull-love\/","title":{"rendered":"Skull Love"},"content":{"rendered":"\n<p><sub>Deutsche Version in unteren Bereich<\/sub><\/p>\n\n\n\n<p>Skulls as a symbol of life and death have always been an integral part of cultures worldwide. Accordingly, <a rel=\"noreferrer noopener\" href=\"https:\/\/en.wikipedia.org\/wiki\/Category:Skulls_in_art\" target=\"_blank\">countless artists<\/a> have brought this seemingly cruel memorial to our transience to paper, canvas and wood or breathed life into them as figurative sculptures.<\/p>\n\n\n\n<p>From Albrecht Durer (Jerome 1514) to Caravaggio (Saint Jerome in Meditation 1605), Pieter Claesz (Still Life 1628) and Pablo Picasso (Black Jug 1946) to the modern artists Steven Gregory and Damien Hirst \u2013 the European skull works are mostly inspiring, fascinating, captivating, stirring, sometimes shocking or even disturbing. They confront the viewer with the question of daily existence and shake him with the thought of whether it might not be over tomorrow.<\/p>\n\n\n\n<p><\/p>\n\n\n\n<figure class=\"wp-container-2 wp-block-gallery-1 wp-block-gallery columns-2 is-cropped\"><ul class=\"blocks-gallery-grid\"><li class=\"blocks-gallery-item\"><figure><img loading=\"lazy\" width=\"435\" height=\"600\" src=\"https:\/\/miao-berlin.com\/wp-content\/uploads\/2021\/04\/Michelangelo-merisi-da-caravaggio-1571-1610-S_1_1753.jpg\" alt=\"\" data-id=\"603\" data-full-url=\"https:\/\/miao-berlin.com\/wp-content\/uploads\/2021\/04\/Michelangelo-merisi-da-caravaggio-1571-1610-S_1_1753.jpg\" data-link=\"https:\/\/miao-berlin.com\/index.php\/ongoing-exhibition\/michelangelo-merisi-da-caravaggio-1571-1610-s_1_1753\/\" class=\"wp-image-603\" srcset=\"https:\/\/miao-berlin.com\/wp-content\/uploads\/2021\/04\/Michelangelo-merisi-da-caravaggio-1571-1610-S_1_1753.jpg 435w, https:\/\/miao-berlin.com\/wp-content\/uploads\/2021\/04\/Michelangelo-merisi-da-caravaggio-1571-1610-S_1_1753-218x300.jpg 218w\" sizes=\"(max-width: 435px) 100vw, 435px\" \/><figcaption class=\"blocks-gallery-item__caption\">CCO<\/figcaption><\/figure><\/li><li class=\"blocks-gallery-item\"><figure><img loading=\"lazy\" width=\"786\" height=\"1024\" src=\"https:\/\/miao-berlin.com\/wp-content\/uploads\/2021\/04\/800px-Du\u0308rer-Hieronymus-im-Geha\u0308us-786x1024.jpeg\" alt=\"\" data-id=\"602\" data-full-url=\"https:\/\/miao-berlin.com\/wp-content\/uploads\/2021\/04\/800px-Du\u0308rer-Hieronymus-im-Geha\u0308us.jpeg\" data-link=\"https:\/\/miao-berlin.com\/index.php\/ongoing-exhibition\/800px-du%cc%88rer-hieronymus-im-geha%cc%88us\/\" class=\"wp-image-602\" srcset=\"https:\/\/miao-berlin.com\/wp-content\/uploads\/2021\/04\/800px-Du\u0308rer-Hieronymus-im-Geha\u0308us-786x1024.jpeg 786w, https:\/\/miao-berlin.com\/wp-content\/uploads\/2021\/04\/800px-Du\u0308rer-Hieronymus-im-Geha\u0308us-230x300.jpeg 230w, https:\/\/miao-berlin.com\/wp-content\/uploads\/2021\/04\/800px-Du\u0308rer-Hieronymus-im-Geha\u0308us-768x1000.jpeg 768w, https:\/\/miao-berlin.com\/wp-content\/uploads\/2021\/04\/800px-Du\u0308rer-Hieronymus-im-Geha\u0308us-508x662.jpeg 508w, https:\/\/miao-berlin.com\/wp-content\/uploads\/2021\/04\/800px-Du\u0308rer-Hieronymus-im-Geha\u0308us.jpeg 800w\" sizes=\"(max-width: 786px) 100vw, 786px\" \/><figcaption class=\"blocks-gallery-item__caption\">Public Domain<\/figcaption><\/figure><\/li><\/ul><\/figure>\n\n\n\n<p>In South American cultures, skulls rarely have a gruesome effect on people. For example, the indigenous Bolivians celebrate the \u00d1atitas festival &#8211; the festival of skulls &#8211; in November. The atmosphere is like a folk festival &#8211; the meeting place is the local cemetery. With them the head of deceased acquaintances and relatives, decorated with flowers and not infrequently with a burning cigarette in their mouth. The indigenous Bolivians believe that the \u00d1atitas bring them luck, help them and accompany them through life. The \u00d1atitas festival goes back to a ritual of the Aymara Indians &#8211; since time immemorial, the mortal remains of their dead relatives have been worshipped to commemorate them. In this way, the deceased are supposed to protect the living and bring them luck.<\/p>\n\n\n\n<figure class=\"wp-block-embed-youtube wp-block-embed is-type-rich is-provider-handler-einbetten wp-embed-aspect-16-9 wp-has-aspect-ratio\"><div class=\"wp-block-embed__wrapper\">\n<iframe loading=\"lazy\" title=\"Las \u00d1atitas, un ritual para recordar a los que se fueron\" width=\"620\" height=\"349\" src=\"https:\/\/www.youtube.com\/embed\/sIgzlQPR0d4?feature=oembed\" frameborder=\"0\" allow=\"accelerometer; autoplay; clipboard-write; encrypted-media; gyroscope; picture-in-picture\" allowfullscreen><\/iframe>\n<\/div><\/figure>\n\n\n\n<p><\/p>\n\n\n\n<p>Some primitive peoples in Southeast Asia, Melanesia and in the northwestern lowlands of South America still attribute a magical energy potential to skulls and engage in headhunting. Here, the head of a human being is captured as a <a rel=\"noreferrer noopener\" href=\"http:\/\/www.tribalartasia.com\/Tribal%20Art%20Asia%20Human%20Skulls\/Tribal-Art-Human-Skulls.html\" target=\"_blank\">trophy and in some cases elaborately decorated<\/a>. This ritual is one of the oldest in the world and was widespread all over the world. In Europe, skulls were used as a kind of vessel for drinking and in China and Japan, skulls were collected as a kind of war memento. Headhunting had different motives: it served to demoralise and deter enemies or was also a sign of increasing the social prestige of the person doing the killing. It was not uncommon for a skull to be captured so that the victim&#8217;s life force would pass to the hunter, or so that a boy would become a man and be considered a complete member of society.<\/p>\n\n\n\n<p><\/p>\n\n\n\n<figure class=\"wp-block-embed-youtube wp-block-embed is-type-rich is-provider-handler-einbetten wp-embed-aspect-16-9 wp-has-aspect-ratio\"><div class=\"wp-block-embed__wrapper\">\n<iframe loading=\"lazy\" title=\"Das Weltreich der Deutschen (1\/3): Kopfjagd in Ostafrika (2010) [Deutsche Dokumentation \/ Ger Docu]\" width=\"620\" height=\"349\" src=\"https:\/\/www.youtube.com\/embed\/H1BvG36LKRU?feature=oembed\" frameborder=\"0\" allow=\"accelerometer; autoplay; clipboard-write; encrypted-media; gyroscope; picture-in-picture\" allowfullscreen><\/iframe>\n<\/div><\/figure>\n\n\n\n<p><\/p>\n\n\n\n<p>However differently cultures deal with this symbol of finitude, they are united by the idea that something else awaits us after our death, or at least that our end can have an influence on the future.<\/p>\n\n\n\n<blockquote class=\"wp-block-quote has-text-align-right\"><p> &#8222;<em>Art only exists because death exists<\/em>.\u201d&#8220;<\/p><cite>&nbsp;<a href=\"https:\/\/www.sculpture.org.uk\/artist\/steven-gregory\">Steven Gregory<\/a><\/cite><\/blockquote>\n\n\n\n<p>Miao Art Gallery presents the exhibition Skull Love with analogue as well as digital artworks and objects from 10.04. to 30.04.2021. Participating artists are:<\/p>\n\n\n\n<p><a rel=\"noreferrer noopener\" href=\"https:\/\/www.instagram.com\/benjaminmosstattoo\/\" target=\"_blank\">Benjamin Moss<\/a><br><a rel=\"noreferrer noopener\" href=\"https:\/\/www.instagram.com\/schwarzes_neon\/\" target=\"_blank\">Schwarzes Neon<\/a><br><a rel=\"noreferrer noopener\" href=\"https:\/\/www.instagram.com\/seyxyes\/\" target=\"_blank\">SEY \u00a5\u20ac$<\/a><br><a rel=\"noreferrer noopener\" href=\"https:\/\/www.instagram.com\/jackmatisse\/\" target=\"_blank\">Jack Matisse<\/a><br><a rel=\"noreferrer noopener\" href=\"https:\/\/www.instagram.com\/dylanhasdesign\/\" target=\"_blank\">Dylan H\u00e4s<\/a><br><a rel=\"noreferrer noopener\" href=\"https:\/\/www.instagram.com\/klaussteinkuhl\/\" target=\"_blank\">Klaus Steinkuhl<\/a><br><a rel=\"noreferrer noopener\" href=\"https:\/\/www.instagram.com\/tonysan.art\/\" target=\"_blank\">Tony San<\/a><br><a rel=\"noreferrer noopener\" href=\"https:\/\/www.instagram.com\/richkerp108\/\" target=\"_blank\">Richard Dragulejev<\/a><br>Marius<br><a rel=\"noreferrer noopener\" href=\"https:\/\/www.instagram.com\/p.s.y.7\/\" target=\"_blank\">Karma Syndikat<\/a><\/p>\n\n\n\n<p><a rel=\"noreferrer noopener\" href=\"https:\/\/www.terminland.de\/miao-berlin\/\" target=\"_blank\">An appointment for the exhibition can be booked here<\/a>. Please note that a negative corona test is required to attend the exhibition.<\/p>\n\n\n\n<p id=\"block-c6601fb5-6315-412c-8366-77a8dac5ce95\"><strong>Shown Artworks:<\/strong><\/p>\n\n\n\n<ul id=\"block-19a42956-30ee-4014-810c-585a204de744\"><li><a rel=\"noreferrer noopener\" href=\"https:\/\/miao-berlin.com\/index.php\/jm-1\/\" target=\"_blank\">Jack Matisse &#8211; JM 1<\/a><\/li><li><a rel=\"noreferrer noopener\" href=\"https:\/\/miao-berlin.com\/index.php\/jm-2\/\" target=\"_blank\">Jack Matisse &#8211; JM 2<\/a><\/li><li><a rel=\"noreferrer noopener\" href=\"https:\/\/miao-berlin.com\/index.php\/benjamin-moss-bm-1\/\" target=\"_blank\">Benjamin Moss &#8211; BM 1<\/a><\/li><li><a rel=\"noreferrer noopener\" href=\"https:\/\/miao-berlin.com\/index.php\/benjamin-moss-bm-1-2\/\" target=\"_blank\">Benjamin Moss &#8211; BM 2<\/a><\/li><li><a rel=\"noreferrer noopener\" href=\"https:\/\/miao-berlin.com\/index.php\/schwarzes-neon-skull-aagoi\/\" target=\"_blank\">Schwarzes Neon &#8211; Skull aAgoi<\/a><\/li><li><a rel=\"noreferrer noopener\" href=\"https:\/\/miao-berlin.com\/index.php\/schwarzes-neon-spider-chess\/\" target=\"_blank\">Schwarzes Neon &#8211; Spider chess<\/a><\/li><li><a rel=\"noreferrer noopener\" href=\"https:\/\/miao-berlin.com\/index.php\/unnamed\/\" target=\"_blank\">Richard Dragulejev  &#8211; unnamed<\/a><\/li><li><a rel=\"noreferrer noopener\" href=\"https:\/\/miao-berlin.com\/index.php\/bleilutscher\/\" target=\"_blank\">Marius &#8211; Bleilutscher<\/a><\/li><li><a rel=\"noreferrer noopener\" href=\"https:\/\/miao-berlin.com\/index.php\/blauauge\/\" target=\"_blank\">Marius &#8211; Blauauge<\/a><\/li><li><a rel=\"noreferrer noopener\" href=\"https:\/\/miao-berlin.com\/index.php\/marius-teddy\/\" target=\"_blank\">Marius &#8211; Teddy<\/a><\/li><li><a rel=\"noreferrer noopener\" href=\"https:\/\/miao-berlin.com\/index.php\/huehnchen-mit-pommes\/\" target=\"_blank\">Marius &#8211; H\u00fchnchen mit Pommes<\/a><\/li><li><a rel=\"noreferrer noopener\" href=\"https:\/\/miao-berlin.com\/index.php\/ei\/\" target=\"_blank\">Marius &#8211; Ei<\/a><\/li><li><a rel=\"noreferrer noopener\" href=\"https:\/\/miao-berlin.com\/index.php\/bone-head\/\" target=\"_blank\">Dylan H\u00e4s- Bone Head<\/a><\/li><li><a rel=\"noreferrer noopener\" href=\"https:\/\/miao-berlin.com\/index.php\/dead-presidents-george-washington\/\" target=\"_blank\">SEY \u00a5\u20ac$ &#8211; Dead Presidents &#8222;George Washington&#8220;<\/a><\/li><li><a rel=\"noreferrer noopener\" href=\"https:\/\/miao-berlin.com\/index.php\/petrol-skull\/\" target=\"_blank\">Unbekannter K\u00fcnstler (Karma Syndikat) &#8211; Petrol Skull<\/a><\/li><li><a rel=\"noreferrer noopener\" href=\"https:\/\/miao-berlin.com\/index.php\/purple-skull\/\" target=\"_blank\">Unbekannter K\u00fcnstler (Karma Syndikat) &#8211; Purple Skull<\/a><\/li><li><a rel=\"noreferrer noopener\" href=\"https:\/\/miao-berlin.com\/index.php\/pink-skull\/\" target=\"_blank\">Unbekannter K\u00fcnstler (Karma Syndikat) &#8211; Pink Skull<\/a><\/li><li><a rel=\"noreferrer noopener\" href=\"https:\/\/miao-berlin.com\/index.php\/metall-skull\/\" target=\"_blank\">Unbekannter K\u00fcnstler (Karma Syndikat) &#8211; Metall Skull<\/a><\/li><li><a rel=\"noreferrer noopener\" href=\"https:\/\/miao-berlin.com\/index.php\/bust-catrina\/\" target=\"_blank\">Unbekannter K\u00fcnstler (Arte Mexicano) &#8211; Bust Catrina<\/a><\/li><li><a rel=\"noreferrer noopener\" href=\"https:\/\/miao-berlin.com\/index.php\/calaveras-x\/\" target=\"_blank\">Mario Romero (Arte Mexicano) &#8211; Calaveras X<\/a><\/li><li><a rel=\"noreferrer noopener\" href=\"https:\/\/miao-berlin.com\/index.php\/no-son-solo-memoria\/\" target=\"_blank\">Taller Ajolot La lucha sigue (Arte Mexicano) &#8211; No son solo memor\u00eda<\/a><\/li><li><a rel=\"noreferrer noopener\" href=\"https:\/\/miao-berlin.com\/index.php\/evil-spirit\/\" target=\"_blank\">Tony San &#8211; Evil Spirit<\/a><\/li><\/ul>\n\n\n\n<p class=\"has-text-align-center\"><a rel=\"noreferrer noopener\" href=\"https:\/\/miao-berlin.com\/wp-content\/uploads\/2021\/04\/Skulllove@miao.pdf\" target=\"_blank\">Catalogue Skull Love<\/a><\/p>\n\n\n\n<p>Visit the virtual exhibition here:<\/p>\n\n\n\n<iframe loading=\"lazy\" width=\"853\" height=\"480\" src=\"https:\/\/my.matterport.com\/show\/?m=bcfVbuJAoQu\" frameborder=\"0\" allowfullscreen=\"\" allow=\"xr-spatial-tracking\"><\/iframe>\n\n\n\n<hr class=\"wp-block-separator\"\/>\n\n\n\n<p>Totenk\u00f6pfe als Sinnbild f\u00fcr das Leben und den Tod sind seit jeher fester Bestandteil in Kulturen weltweit. Dementsprechend haben <a rel=\"noreferrer noopener\" href=\"https:\/\/en.wikipedia.org\/wiki\/Category:Skulls_in_art\" target=\"_blank\">unz\u00e4hlige K\u00fcnstler<\/a> dieses grausam scheinende Mahnmal unserer Verg\u00e4nglichkeit zu Papier, Leinwand und Holz gebracht oder ihnen als figurative Skulpturen Leben eingehaucht.<\/p>\n\n\n\n<p>Von Albrecht Durer (<em>Jerome <\/em>1514) \u00fcber&nbsp;Caravaggio (<em>Saint Jerome in Meditation 1605)<\/em> Pieter Claesz (&nbsp;<em>Still Life<\/em>&nbsp;1628) und Pablo Picasso (<em>Black Jug 1946) <\/em>bis hin zu den modernen K\u00fcnstlern Steven Gregory und Damien Hirst &#8211; die europ\u00e4ischen Totenkopf-Werke sind meistens inspirierend, faszinierend, fesselnd, aufw\u00fchlend zum Teil schockierend oder auch verst\u00f6rend.&nbsp; Sie konfrontieren den Betrachter mit der Frage des t\u00e4glichen Daseins und ersch\u00fcttern und mit dem Gedanken ob es nicht schon morgen vorbei sein k\u00f6nnte.<\/p>\n\n\n\n<figure class=\"wp-container-4 wp-block-gallery-3 wp-block-gallery columns-2 is-cropped\"><ul class=\"blocks-gallery-grid\"><li class=\"blocks-gallery-item\"><figure><img loading=\"lazy\" width=\"435\" height=\"600\" src=\"https:\/\/miao-berlin.com\/wp-content\/uploads\/2021\/04\/Michelangelo-merisi-da-caravaggio-1571-1610-S_1_1753.jpg\" alt=\"\" data-id=\"603\" data-full-url=\"https:\/\/miao-berlin.com\/wp-content\/uploads\/2021\/04\/Michelangelo-merisi-da-caravaggio-1571-1610-S_1_1753.jpg\" data-link=\"https:\/\/miao-berlin.com\/index.php\/ongoing-exhibition\/michelangelo-merisi-da-caravaggio-1571-1610-s_1_1753\/\" class=\"wp-image-603\" srcset=\"https:\/\/miao-berlin.com\/wp-content\/uploads\/2021\/04\/Michelangelo-merisi-da-caravaggio-1571-1610-S_1_1753.jpg 435w, https:\/\/miao-berlin.com\/wp-content\/uploads\/2021\/04\/Michelangelo-merisi-da-caravaggio-1571-1610-S_1_1753-218x300.jpg 218w\" sizes=\"(max-width: 435px) 100vw, 435px\" \/><figcaption class=\"blocks-gallery-item__caption\">CCO<\/figcaption><\/figure><\/li><li class=\"blocks-gallery-item\"><figure><img loading=\"lazy\" width=\"786\" height=\"1024\" src=\"https:\/\/miao-berlin.com\/wp-content\/uploads\/2021\/04\/800px-Du\u0308rer-Hieronymus-im-Geha\u0308us-786x1024.jpeg\" alt=\"\" data-id=\"602\" data-full-url=\"https:\/\/miao-berlin.com\/wp-content\/uploads\/2021\/04\/800px-Du\u0308rer-Hieronymus-im-Geha\u0308us.jpeg\" data-link=\"https:\/\/miao-berlin.com\/index.php\/ongoing-exhibition\/800px-du%cc%88rer-hieronymus-im-geha%cc%88us\/\" class=\"wp-image-602\" srcset=\"https:\/\/miao-berlin.com\/wp-content\/uploads\/2021\/04\/800px-Du\u0308rer-Hieronymus-im-Geha\u0308us-786x1024.jpeg 786w, https:\/\/miao-berlin.com\/wp-content\/uploads\/2021\/04\/800px-Du\u0308rer-Hieronymus-im-Geha\u0308us-230x300.jpeg 230w, https:\/\/miao-berlin.com\/wp-content\/uploads\/2021\/04\/800px-Du\u0308rer-Hieronymus-im-Geha\u0308us-768x1000.jpeg 768w, https:\/\/miao-berlin.com\/wp-content\/uploads\/2021\/04\/800px-Du\u0308rer-Hieronymus-im-Geha\u0308us-508x662.jpeg 508w, https:\/\/miao-berlin.com\/wp-content\/uploads\/2021\/04\/800px-Du\u0308rer-Hieronymus-im-Geha\u0308us.jpeg 800w\" sizes=\"(max-width: 786px) 100vw, 786px\" \/><figcaption class=\"blocks-gallery-item__caption\">Public Domain<\/figcaption><\/figure><\/li><\/ul><\/figure>\n\n\n\n<p><\/p>\n\n\n\n<p>In s\u00fcdamerikanischen Kulturen haben die Totenk\u00f6pfe seltener eine grausige Wirkung auf die Menschen. So feiern zum Beispiel&nbsp; die indigene Bolivianer in November das \u00d1atitas-Fest &#8211; das Fest der Totenk\u00f6pfe.&nbsp;Die Stimmung wie auf einen Volksfest &#8211; der Treffpunkt der \u00f6rtliche Friedhof. Mit dabei der Kopf von verstorbenen Bekannten und Verwandten, geschm\u00fcckt mit Blumen und nicht selten mit einer brennenden Zigarette im Mund. Die indigene Bolivianer glauben daran, dass die \u00d1atitas ihnen Gl\u00fcck bringen, ihnen helfen und sie durch das Leben begleiten. Das \u00d1atitas-Fest geht zur\u00fcck auf ein Ritual der Aymara-Indios &#8211;&nbsp; seit jeher wurden die sterblichen \u00dcberreste ihrer toten Angeh\u00f6rigen angebetet, um an diese zu erinnern. Dadurch soll die Verstorbenen die Lebenden besch\u00fctzen und ihnen Gl\u00fcck bringen.<\/p>\n\n\n\n<figure class=\"wp-block-embed-youtube wp-block-embed is-type-rich is-provider-handler-einbetten wp-embed-aspect-16-9 wp-has-aspect-ratio\"><div class=\"wp-block-embed__wrapper\">\n<iframe loading=\"lazy\" title=\"Las \u00d1atitas, un ritual para recordar a los que se fueron\" width=\"620\" height=\"349\" src=\"https:\/\/www.youtube.com\/embed\/sIgzlQPR0d4?feature=oembed\" frameborder=\"0\" allow=\"accelerometer; autoplay; clipboard-write; encrypted-media; gyroscope; picture-in-picture\" allowfullscreen><\/iframe>\n<\/div><\/figure>\n\n\n\n<p><\/p>\n\n\n\n<p>Einige Naturv\u00f6lker in S\u00fcdostasien,&nbsp;Melanesien&nbsp;und im nordwestlichen Tiefland S\u00fcdamerikas schreiben den Sch\u00e4deln auch heute noch ein magisches Energiepotenzial zu und betreiben Kopfjagd. Hierbei wird der Kopf eines Menschen als Siegestroph\u00e4e erbeutet und in manchen F\u00e4llen <a rel=\"noreferrer noopener\" href=\"http:\/\/www.tribalartasia.com\/Tribal%20Art%20Asia%20Human%20Skulls\/Tribal-Art-Human-Skulls.html\" target=\"_blank\">kunstvoll verziert.<\/a> Dieses Ritual geh\u00f6rt zu den \u00e4ltesten der Welt und war \u00fcberall auf der Welt verbreitet. In Europa wurden die Totenk\u00f6pfe als eine Art Gef\u00e4\u00df zum Trinken genutzt und in China und Japan wurden die Sch\u00e4del als eine Art Kriegserinnerung gesammelt. Die Kopfjagd hatte unterschiedliche Motive: sie diente der Demoralisierung und Abschreckung von Feinden oder war auch ein Zeichen f\u00fcr die Steigerung des sozialen Ansehens der t\u00f6tenden Person. Nicht selten wurde ein Sch\u00e4del erbeutet, damit die Lebenskraft des Opfers auf den J\u00e4ger \u00fcbergeht, oder damit ein Junge zum Kann wird und als vollst\u00e4ndiges Mitglied der Gesellschaft gilt.&nbsp;<\/p>\n\n\n\n<figure class=\"wp-block-embed-youtube wp-block-embed is-type-rich is-provider-handler-einbetten wp-embed-aspect-16-9 wp-has-aspect-ratio\"><div class=\"wp-block-embed__wrapper\">\n<iframe loading=\"lazy\" title=\"Das Weltreich der Deutschen (1\/3): Kopfjagd in Ostafrika (2010) [Deutsche Dokumentation \/ Ger Docu]\" width=\"620\" height=\"349\" src=\"https:\/\/www.youtube.com\/embed\/H1BvG36LKRU?feature=oembed\" frameborder=\"0\" allow=\"accelerometer; autoplay; clipboard-write; encrypted-media; gyroscope; picture-in-picture\" allowfullscreen><\/iframe>\n<\/div><\/figure>\n\n\n\n<p><\/p>\n\n\n\n<p>So unterschiedlich die Kulturen mit diesem Symbol der Endlichkeit auch umgehen &#8211; sie vereint die Vorstellung, dass nach unserem Tod noch etwas anderes auf uns wartet oder zumindest, dass unser Ende eine Einfluss auf die Zukunft nehmen kann.&nbsp;<\/p>\n\n\n\n<blockquote class=\"wp-block-quote has-text-align-right\"><p> &#8222;<em>Art only exists because death exists<\/em>.\u201d&#8220;<\/p><cite>&nbsp;<a href=\"https:\/\/www.sculpture.org.uk\/artist\/steven-gregory\">Steven Gregory<\/a><\/cite><\/blockquote>\n\n\n\n<p>Miao Art Galerie zeigt die  Ausstellung  <strong>Skull Love<\/strong> mit analogen sowie digitalen Kunstwerken und Objekten vom 10.04. bis zum 30.04.2021. Teilnehmende K\u00fcnstler sind: <\/p>\n\n\n\n<p><a rel=\"noreferrer noopener\" href=\"https:\/\/www.instagram.com\/benjaminmosstattoo\/\" target=\"_blank\">Benjamin Moss<\/a><br><a rel=\"noreferrer noopener\" href=\"https:\/\/www.instagram.com\/schwarzes_neon\/\" target=\"_blank\">Schwarzes Neon<\/a><br><a rel=\"noreferrer noopener\" href=\"https:\/\/www.instagram.com\/seyxyes\/\" target=\"_blank\">SEY \u00a5\u20ac$ <\/a><br><a rel=\"noreferrer noopener\" href=\"https:\/\/www.instagram.com\/jackmatisse\/\" target=\"_blank\">Jack Matisse<\/a><br><a rel=\"noreferrer noopener\" href=\"https:\/\/www.instagram.com\/dylanhasdesign\/\" target=\"_blank\">Dylan H\u00e4s <\/a><br><a rel=\"noreferrer noopener\" href=\"https:\/\/www.instagram.com\/klaussteinkuhl\/\" target=\"_blank\">Klaus Steinkuhl<\/a><br><a rel=\"noreferrer noopener\" href=\"https:\/\/www.instagram.com\/tonysan.art\/\" target=\"_blank\">Tony San<\/a><br><a rel=\"noreferrer noopener\" href=\"https:\/\/www.instagram.com\/richkerp108\/\" target=\"_blank\">Richard Dragulejev <\/a><br>Marius<br><a rel=\"noreferrer noopener\" href=\"https:\/\/www.instagram.com\/p.s.y.7\/\" target=\"_blank\">Karma Syndikat <\/a><\/p>\n\n\n\n<p>Ein <a href=\"https:\/\/www.terminland.de\/miao-berlin\/\" target=\"_blank\" rel=\"noreferrer noopener\">Termin f\u00fcr die Ausstellung kann hier <\/a>gebucht werden.  Bitte beachten Sie, dass ein negativer Corona-Test notwendig ist, um die Ausstellung zu besuchen. <\/p>\n\n\n\n<p id=\"block-c6601fb5-6315-412c-8366-77a8dac5ce95\"><strong>Pr\u00e4sentierte Kunstwerke:<\/strong><\/p>\n\n\n\n<ul id=\"block-0aa717c4-ed5c-40d5-87f6-10b5a35e21f6\"><li><a rel=\"noreferrer noopener\" href=\"https:\/\/miao-berlin.com\/index.php\/jm-1\/\" target=\"_blank\">Jack Matisse &#8211; JM 1<\/a><\/li><li><a rel=\"noreferrer noopener\" href=\"https:\/\/miao-berlin.com\/index.php\/jm-2\/\" target=\"_blank\">Jack Matisse &#8211; JM 2<\/a><\/li><li><a rel=\"noreferrer noopener\" href=\"https:\/\/miao-berlin.com\/index.php\/benjamin-moss-bm-1\/\" target=\"_blank\">Benjamin Moss &#8211; BM 1<\/a><\/li><li><a rel=\"noreferrer noopener\" href=\"https:\/\/miao-berlin.com\/index.php\/benjamin-moss-bm-1-2\/\" target=\"_blank\">Benjamin Moss &#8211; BM 2<\/a><\/li><li><a rel=\"noreferrer noopener\" href=\"https:\/\/miao-berlin.com\/index.php\/schwarzes-neon-skull-aagoi\/\" target=\"_blank\">Schwarzes Neon &#8211; Skull aAgoi<\/a><\/li><li><a rel=\"noreferrer noopener\" href=\"https:\/\/miao-berlin.com\/index.php\/schwarzes-neon-spider-chess\/\" target=\"_blank\">Schwarzes Neon &#8211; Spider chess<\/a><\/li><li><a rel=\"noreferrer noopener\" href=\"https:\/\/miao-berlin.com\/index.php\/unnamed\/\" target=\"_blank\">Richard Dragulejev &#8211; unnamed<\/a><\/li><li><a rel=\"noreferrer noopener\" href=\"https:\/\/miao-berlin.com\/index.php\/bleilutscher\/\" target=\"_blank\">Marius &#8211; Bleilutscher<\/a><\/li><li><a rel=\"noreferrer noopener\" href=\"https:\/\/miao-berlin.com\/index.php\/blauauge\/\" target=\"_blank\">Marius &#8211; Blauauge<\/a><\/li><li><a rel=\"noreferrer noopener\" href=\"https:\/\/miao-berlin.com\/index.php\/marius-teddy\/\" target=\"_blank\">Marius &#8211; Teddy<\/a><\/li><li><a rel=\"noreferrer noopener\" href=\"https:\/\/miao-berlin.com\/index.php\/huehnchen-mit-pommes\/\" target=\"_blank\">Marius &#8211; H\u00fchnchen mit Pommes<\/a><\/li><li><a rel=\"noreferrer noopener\" href=\"https:\/\/miao-berlin.com\/index.php\/ei\/\" target=\"_blank\">Marius &#8211; Ei<\/a><\/li><li><a rel=\"noreferrer noopener\" href=\"https:\/\/miao-berlin.com\/index.php\/bone-head\/\" target=\"_blank\">Dylan H\u00e4s- Bone Head<\/a><\/li><li><a rel=\"noreferrer noopener\" href=\"https:\/\/miao-berlin.com\/index.php\/dead-presidents-george-washington\/\" target=\"_blank\">SEY \u00a5\u20ac$ &#8211; Dead Presidents &#8222;George Washington&#8220;<\/a><\/li><li><a rel=\"noreferrer noopener\" href=\"https:\/\/miao-berlin.com\/index.php\/petrol-skull\/\" target=\"_blank\">Unbekannter K\u00fcnstler (Karma Syndikat) &#8211; Petrol Skull<\/a><\/li><li><a rel=\"noreferrer noopener\" href=\"https:\/\/miao-berlin.com\/index.php\/purple-skull\/\" target=\"_blank\">Unbekannter K\u00fcnstler (Karma Syndikat) &#8211; Purple Skull<\/a><\/li><li><a rel=\"noreferrer noopener\" href=\"https:\/\/miao-berlin.com\/index.php\/pink-skull\/\" target=\"_blank\">Unbekannter K\u00fcnstler (Karma Syndikat) &#8211; Pink Skull<\/a><\/li><li><a rel=\"noreferrer noopener\" href=\"https:\/\/miao-berlin.com\/index.php\/metall-skull\/\" target=\"_blank\">Unbekannter K\u00fcnstler (Karma Syndikat) &#8211; Metall Skull<\/a><\/li><li><a rel=\"noreferrer noopener\" href=\"https:\/\/miao-berlin.com\/index.php\/bust-catrina\/\" target=\"_blank\">Unbekannter K\u00fcnstler (Arte Mexicano) &#8211; Bust Catrina<\/a><\/li><li><a rel=\"noreferrer noopener\" href=\"https:\/\/miao-berlin.com\/index.php\/calaveras-x\/\" target=\"_blank\">Mario Romero (Arte Mexicano) &#8211; Calaveras X<\/a><\/li><li><a rel=\"noreferrer noopener\" href=\"https:\/\/miao-berlin.com\/index.php\/no-son-solo-memoria\/\" target=\"_blank\">Taller Ajolot La lucha sigue (Arte Mexicano) &#8211; No son solo memor\u00eda<\/a><\/li><li><a href=\"https:\/\/miao-berlin.com\/index.php\/evil-spirit\/\" target=\"_blank\" rel=\"noreferrer noopener\">Tony San &#8211; Evil Spirit<\/a><\/li><\/ul>\n\n\n\n<p class=\"has-text-align-center\"><a rel=\"noreferrer noopener\" href=\"https:\/\/miao-berlin.com\/wp-content\/uploads\/2021\/04\/Skulllove@miao.pdf\" target=\"_blank\">Kataloge Skull Love<\/a><\/p>\n\n\n\n<p>Hier gehts zur Online Ausstellung:<\/p>\n\n\n\n<iframe loading=\"lazy\" width=\"853\" height=\"480\" src=\"https:\/\/my.matterport.com\/show\/?m=bcfVbuJAoQu\" frameborder=\"0\" allowfullscreen=\"\" allow=\"xr-spatial-tracking\"><\/iframe>\n","protected":false},"excerpt":{"rendered":"<p>Deutsche Version in unteren Bereich Skulls as a symbol of life and death have always been an integral part of cultures worldwide. Accordingly, countless artists have brought this&#8230;<\/p>\n","protected":false},"author":1,"featured_media":593,"parent":0,"menu_order":0,"comment_status":"closed","ping_status":"closed","template":"","meta":[],"_links":{"self":[{"href":"https:\/\/miao-berlin.com\/index.php\/wp-json\/wp\/v2\/pages\/622"}],"collection":[{"href":"https:\/\/miao-berlin.com\/index.php\/wp-json\/wp\/v2\/pages"}],"about":[{"href":"https:\/\/miao-berlin.com\/index.php\/wp-json\/wp\/v2\/types\/page"}],"author":[{"embeddable":true,"href":"https:\/\/miao-berlin.com\/index.php\/wp-json\/wp\/v2\/users\/1"}],"replies":[{"embeddable":true,"href":"https:\/\/miao-berlin.com\/index.php\/wp-json\/wp\/v2\/comments?post=622"}],"version-history":[{"count":10,"href":"https:\/\/miao-berlin.com\/index.php\/wp-json\/wp\/v2\/pages\/622\/revisions"}],"predecessor-version":[{"id":776,"href":"https:\/\/miao-berlin.com\/index.php\/wp-json\/wp\/v2\/pages\/622\/revisions\/776"}],"wp:featuredmedia":[{"embeddable":true,"href":"https:\/\/miao-berlin.com\/index.php\/wp-json\/wp\/v2\/media\/593"}],"wp:attachment":[{"href":"https:\/\/miao-berlin.com\/index.php\/wp-json\/wp\/v2\/media?parent=622"}],"curies":[{"name":"wp","href":"https:\/\/api.w.org\/{rel}","templated":true}]}}